{"id":25,"date":"2021-03-31T08:07:52","date_gmt":"2021-03-31T08:07:52","guid":{"rendered":"https:\/\/edi.preisack.at\/?page_id=25"},"modified":"2021-05-22T09:19:29","modified_gmt":"2021-05-22T09:19:29","slug":"impressum-kontakt","status":"publish","type":"page","link":"https:\/\/edi.preisack.at\/?page_id=25","title":{"rendered":"Impressum &#038; Kontakt"},"content":{"rendered":"\n<p>Die Angabe Ihrer Daten ist zur Bearbeitung und Beantwortung der Anfrage erforderlich \u2013 ohne deren Bereitstellung kann Ihre Anfrage nicht oder allenfalls eingeschr\u00e4nkt beantwortet werden.<br>Rechtsgrundlage f\u00fcr diese Verarbeitung ist Art. 6 Abs. 1 lit. b) DSGVO.<br>Die Daten werden nach ihrer Auswertung oder sp\u00e4testens nach einem Jahr gel\u00f6scht.<\/p>\n\n\n\n<div class=\"wp-block-contact-form-7-contact-form-selector\"><div class=\"wpcf7 no-js\" id=\"wpcf7-f5-o1\" lang=\"de-DE\" dir=\"ltr\">\n<div class=\"screen-reader-response\"><p role=\"status\" aria-live=\"polite\" aria-atomic=\"true\"><\/p> <ul><\/ul><\/div>\n<form action=\"\/index.php?rest_route=%2Fwp%2Fv2%2Fpages%2F25#wpcf7-f5-o1\" method=\"post\" class=\"wpcf7-form init\" aria-label=\"Kontaktformular\" novalidate=\"novalidate\" data-status=\"init\">\n<div style=\"display: none;\">\n<input type=\"hidden\" name=\"_wpcf7\" value=\"5\" \/>\n<input type=\"hidden\" name=\"_wpcf7_version\" value=\"5.7.1\" \/>\n<input type=\"hidden\" name=\"_wpcf7_locale\" value=\"de_DE\" \/>\n<input type=\"hidden\" name=\"_wpcf7_unit_tag\" value=\"wpcf7-f5-o1\" \/>\n<input type=\"hidden\" name=\"_wpcf7_container_post\" value=\"0\" \/>\n<input type=\"hidden\" name=\"_wpcf7_posted_data_hash\" value=\"\" \/>\n<\/div>\n<p><label> Name<br \/>\n<span class=\"wpcf7-form-control-wrap\" data-name=\"your-name\"><input size=\"40\" class=\"wpcf7-form-control wpcf7-text wpcf7-validates-as-required\" aria-required=\"true\" aria-invalid=\"false\" value=\"\" type=\"text\" name=\"your-name\" \/><\/span> <\/label>\n<\/p>\n<p><label> E-Mail-Adresse<br \/>\n<span class=\"wpcf7-form-control-wrap\" data-name=\"your-email\"><input size=\"40\" class=\"wpcf7-form-control wpcf7-text wpcf7-email wpcf7-validates-as-required wpcf7-validates-as-email\" aria-required=\"true\" aria-invalid=\"false\" value=\"\" type=\"email\" name=\"your-email\" \/><\/span> <\/label>\n<\/p>\n<p><label> Betreff<br \/>\n<span class=\"wpcf7-form-control-wrap\" data-name=\"your-subject\"><input size=\"40\" class=\"wpcf7-form-control wpcf7-text wpcf7-validates-as-required\" aria-required=\"true\" aria-invalid=\"false\" value=\"\" type=\"text\" name=\"your-subject\" \/><\/span> <\/label>\n<\/p>\n<p><label> Nachricht<br \/>\n<span class=\"wpcf7-form-control-wrap\" data-name=\"your-message\"><textarea cols=\"40\" rows=\"10\" class=\"wpcf7-form-control wpcf7-textarea\" aria-invalid=\"false\" name=\"your-message\"><\/textarea><\/span> <\/label>\n<\/p>\n<p><input class=\"wpcf7-form-control has-spinner wpcf7-submit\" type=\"submit\" value=\"Senden\" \/>\n<\/p><div class=\"wpcf7-response-output\" aria-hidden=\"true\"><\/div><\/form><\/div><\/div>\n\n\n\n<p>Impressum:<\/p>\n\n\n\n<p>Eduard B. Preisack<br>Lehenbrunn 8<br>4320 Perg<br>edi@preisack.at<\/p>\n","protected":false},"excerpt":{"rendered":"<p>Die Angabe Ihrer Daten ist zur Bearbeitung und Beantwortung der Anfrage erforderlich \u2013 ohne deren Bereitstellung kann Ihre Anfrage nicht oder allenfalls eingeschr\u00e4nkt beantwortet werden.Rechtsgrundlage f\u00fcr diese Verarbeitung ist Art. 6 Abs. 1 lit. b) DSGVO.Die Daten werden nach ihrer Auswertung oder sp\u00e4testens nach einem Jahr gel\u00f6scht. Impressum: Eduard B. PreisackLehenbrunn 84320 Pergedi@preisack.at<\/p>\n","protected":false},"author":1,"featured_media":0,"parent":0,"menu_order":0,"comment_status":"closed","ping_status":"closed","template":"","meta":{"footnotes":""},"class_list":["post-25","page","type-page","status-publish","hentry"],"_links":{"self":[{"href":"https:\/\/edi.preisack.at\/index.php?rest_route=\/wp\/v2\/pages\/25","targetHints":{"allow":["GET"]}}],"collection":[{"href":"https:\/\/edi.preisack.at\/index.php?rest_route=\/wp\/v2\/pages"}],"about":[{"href":"https:\/\/edi.preisack.at\/index.php?rest_route=\/wp\/v2\/types\/page"}],"author":[{"embeddable":true,"href":"https:\/\/edi.preisack.at\/index.php?rest_route=\/wp\/v2\/users\/1"}],"replies":[{"embeddable":true,"href":"https:\/\/edi.preisack.at\/index.php?rest_route=%2Fwp%2Fv2%2Fcomments&post=25"}],"version-history":[{"count":5,"href":"https:\/\/edi.preisack.at\/index.php?rest_route=\/wp\/v2\/pages\/25\/revisions"}],"predecessor-version":[{"id":434,"href":"https:\/\/edi.preisack.at\/index.php?rest_route=\/wp\/v2\/pages\/25\/revisions\/434"}],"wp:attachment":[{"href":"https:\/\/edi.preisack.at\/index.php?rest_route=%2Fwp%2Fv2%2Fmedia&parent=25"}],"curies":[{"name":"wp","href":"https:\/\/api.w.org\/{rel}","templated":true}]}}