{"id":23,"date":"2021-03-31T08:07:31","date_gmt":"2021-03-31T08:07:31","guid":{"rendered":"https:\/\/edi.preisack.at\/?page_id=23"},"modified":"2021-05-24T10:05:50","modified_gmt":"2021-05-24T08:05:50","slug":"hockn","status":"publish","type":"page","link":"https:\/\/edi.preisack.at\/?page_id=23","title":{"rendered":"Referenzen &#8211; Auszug"},"content":{"rendered":"\n<div class=\"wp-block-media-text alignwide has-media-on-the-right is-stacked-on-mobile\"><figure class=\"wp-block-media-text__media\"><a href=\"https:\/\/edi.preisack.at\/?p=743\"><img decoding=\"async\" width=\"1024\" height=\"768\" src=\"https:\/\/edi.preisack.at\/wp-content\/uploads\/2021\/05\/IMG_20200724_111337-1024x768.jpg\" alt=\"\" class=\"wp-image-710 size-full\" srcset=\"https:\/\/edi.preisack.at\/wp-content\/uploads\/2021\/05\/IMG_20200724_111337-1024x768.jpg 1024w, https:\/\/edi.preisack.at\/wp-content\/uploads\/2021\/05\/IMG_20200724_111337-300x225.jpg 300w, https:\/\/edi.preisack.at\/wp-content\/uploads\/2021\/05\/IMG_20200724_111337-768x576.jpg 768w, https:\/\/edi.preisack.at\/wp-content\/uploads\/2021\/05\/IMG_20200724_111337-1536x1152.jpg 1536w, https:\/\/edi.preisack.at\/wp-content\/uploads\/2021\/05\/IMG_20200724_111337-2048x1536.jpg 2048w, https:\/\/edi.preisack.at\/wp-content\/uploads\/2021\/05\/IMG_20200724_111337-1200x900.jpg 1200w, https:\/\/edi.preisack.at\/wp-content\/uploads\/2021\/05\/IMG_20200724_111337-1980x1485.jpg 1980w\" sizes=\"(max-width: 1024px) 100vw, 1024px\" \/><\/a><\/figure><div class=\"wp-block-media-text__content\">\n<p class=\"has-large-font-size\">Baumann<\/p>\n<\/div><\/div>\n\n\n\n<div class=\"wp-block-media-text alignwide is-stacked-on-mobile\"><figure class=\"wp-block-media-text__media\"><a href=\"https:\/\/edi.preisack.at\/?p=297\"><img decoding=\"async\" width=\"1024\" height=\"681\" src=\"https:\/\/edi.preisack.at\/wp-content\/uploads\/2021\/03\/DSC_0050kleiner-1024x681.jpg\" alt=\"\" class=\"wp-image-74 size-full\" srcset=\"https:\/\/edi.preisack.at\/wp-content\/uploads\/2021\/03\/DSC_0050kleiner-1024x681.jpg 1024w, https:\/\/edi.preisack.at\/wp-content\/uploads\/2021\/03\/DSC_0050kleiner-300x199.jpg 300w, https:\/\/edi.preisack.at\/wp-content\/uploads\/2021\/03\/DSC_0050kleiner-768x511.jpg 768w, https:\/\/edi.preisack.at\/wp-content\/uploads\/2021\/03\/DSC_0050kleiner-1536x1021.jpg 1536w, https:\/\/edi.preisack.at\/wp-content\/uploads\/2021\/03\/DSC_0050kleiner-2048x1362.jpg 2048w, https:\/\/edi.preisack.at\/wp-content\/uploads\/2021\/03\/DSC_0050kleiner-1200x798.jpg 1200w, https:\/\/edi.preisack.at\/wp-content\/uploads\/2021\/03\/DSC_0050kleiner-1980x1316.jpg 1980w\" sizes=\"(max-width: 1024px) 100vw, 1024px\" \/><\/a><\/figure><div class=\"wp-block-media-text__content\">\n<p class=\"has-large-font-size\">Biohof Achleitner <\/p>\n<\/div><\/div>\n\n\n\n<div class=\"wp-block-media-text alignwide has-media-on-the-right is-stacked-on-mobile\"><figure class=\"wp-block-media-text__media\"><a href=\"https:\/\/edi.preisack.at\/?p=749\"><img decoding=\"async\" width=\"1024\" height=\"768\" src=\"https:\/\/edi.preisack.at\/wp-content\/uploads\/2021\/05\/2011-05-02-HBH-klein2-1024x768.jpg\" alt=\"\" class=\"wp-image-713 size-full\" srcset=\"https:\/\/edi.preisack.at\/wp-content\/uploads\/2021\/05\/2011-05-02-HBH-klein2-1024x768.jpg 1024w, https:\/\/edi.preisack.at\/wp-content\/uploads\/2021\/05\/2011-05-02-HBH-klein2-300x225.jpg 300w, https:\/\/edi.preisack.at\/wp-content\/uploads\/2021\/05\/2011-05-02-HBH-klein2-768x576.jpg 768w, https:\/\/edi.preisack.at\/wp-content\/uploads\/2021\/05\/2011-05-02-HBH-klein2-1536x1152.jpg 1536w, https:\/\/edi.preisack.at\/wp-content\/uploads\/2021\/05\/2011-05-02-HBH-klein2-2048x1536.jpg 2048w, https:\/\/edi.preisack.at\/wp-content\/uploads\/2021\/05\/2011-05-02-HBH-klein2-1200x900.jpg 1200w, https:\/\/edi.preisack.at\/wp-content\/uploads\/2021\/05\/2011-05-02-HBH-klein2-1980x1485.jpg 1980w\" sizes=\"(max-width: 1024px) 100vw, 1024px\" \/><\/a><\/figure><div class=\"wp-block-media-text__content\">\n<p class=\"has-large-font-size\">Einfamilienhaus Scharten<\/p>\n<\/div><\/div>\n\n\n\n<div class=\"wp-block-media-text alignwide is-stacked-on-mobile\"><figure class=\"wp-block-media-text__media\"><a href=\"https:\/\/edi.preisack.at\/?p=300\"><img decoding=\"async\" width=\"1000\" height=\"667\" src=\"https:\/\/edi.preisack.at\/wp-content\/uploads\/2021\/03\/PS28.jpg\" alt=\"\" class=\"wp-image-72 size-full\" srcset=\"https:\/\/edi.preisack.at\/wp-content\/uploads\/2021\/03\/PS28.jpg 1000w, https:\/\/edi.preisack.at\/wp-content\/uploads\/2021\/03\/PS28-300x200.jpg 300w, https:\/\/edi.preisack.at\/wp-content\/uploads\/2021\/03\/PS28-768x512.jpg 768w\" sizes=\"(max-width: 1000px) 100vw, 1000px\" \/><\/a><\/figure><div class=\"wp-block-media-text__content\">\n<p class=\"has-large-font-size\">Fronius Sattledt<\/p>\n<\/div><\/div>\n\n\n\n<div class=\"wp-block-media-text alignwide has-media-on-the-right is-stacked-on-mobile\"><figure class=\"wp-block-media-text__media\"><a href=\"https:\/\/edi.preisack.at\/?p=304\"><img decoding=\"async\" width=\"756\" height=\"1024\" src=\"https:\/\/edi.preisack.at\/wp-content\/uploads\/2021\/05\/ybbsbruecke-4-756x1024.jpg\" alt=\"\" class=\"wp-image-453 size-full\" srcset=\"https:\/\/edi.preisack.at\/wp-content\/uploads\/2021\/05\/ybbsbruecke-4-756x1024.jpg 756w, https:\/\/edi.preisack.at\/wp-content\/uploads\/2021\/05\/ybbsbruecke-4-221x300.jpg 221w, https:\/\/edi.preisack.at\/wp-content\/uploads\/2021\/05\/ybbsbruecke-4-768x1040.jpg 768w, https:\/\/edi.preisack.at\/wp-content\/uploads\/2021\/05\/ybbsbruecke-4-1134x1536.jpg 1134w, https:\/\/edi.preisack.at\/wp-content\/uploads\/2021\/05\/ybbsbruecke-4-1512x2048.jpg 1512w, https:\/\/edi.preisack.at\/wp-content\/uploads\/2021\/05\/ybbsbruecke-4-1200x1626.jpg 1200w, https:\/\/edi.preisack.at\/wp-content\/uploads\/2021\/05\/ybbsbruecke-4-1980x2682.jpg 1980w, https:\/\/edi.preisack.at\/wp-content\/uploads\/2021\/05\/ybbsbruecke-4-scaled.jpg 1890w\" sizes=\"(max-width: 756px) 100vw, 756px\" \/><\/a><\/figure><div class=\"wp-block-media-text__content\">\n<p class=\"has-large-font-size\">Fu\u00dfg\u00e4ngerbr\u00fccke Amstetten<\/p>\n<\/div><\/div>\n\n\n\n<div class=\"wp-block-media-text alignwide is-stacked-on-mobile\"><figure class=\"wp-block-media-text__media\"><a href=\"https:\/\/edi.preisack.at\/?p=754\"><img decoding=\"async\" width=\"1024\" height=\"768\" src=\"https:\/\/edi.preisack.at\/wp-content\/uploads\/2021\/05\/DSC00506-1024x768.jpg\" alt=\"\" class=\"wp-image-717 size-full\" srcset=\"https:\/\/edi.preisack.at\/wp-content\/uploads\/2021\/05\/DSC00506-1024x768.jpg 1024w, https:\/\/edi.preisack.at\/wp-content\/uploads\/2021\/05\/DSC00506-300x225.jpg 300w, https:\/\/edi.preisack.at\/wp-content\/uploads\/2021\/05\/DSC00506-768x576.jpg 768w, https:\/\/edi.preisack.at\/wp-content\/uploads\/2021\/05\/DSC00506-1536x1152.jpg 1536w, https:\/\/edi.preisack.at\/wp-content\/uploads\/2021\/05\/DSC00506-2048x1536.jpg 2048w, https:\/\/edi.preisack.at\/wp-content\/uploads\/2021\/05\/DSC00506-1200x900.jpg 1200w, https:\/\/edi.preisack.at\/wp-content\/uploads\/2021\/05\/DSC00506-1980x1485.jpg 1980w\" sizes=\"(max-width: 1024px) 100vw, 1024px\" \/><\/a><\/figure><div class=\"wp-block-media-text__content\">\n<p class=\"has-large-font-size\">Kindergarten L\u00f6wenfeldvilla<\/p>\n<\/div><\/div>\n\n\n\n<div class=\"wp-block-media-text alignwide has-media-on-the-right is-stacked-on-mobile\"><figure class=\"wp-block-media-text__media\"><a href=\"https:\/\/edi.preisack.at\/?p=306\"><img decoding=\"async\" width=\"1024\" height=\"768\" src=\"https:\/\/edi.preisack.at\/wp-content\/uploads\/2021\/03\/DSC03245-1024x768.jpg\" alt=\"\" class=\"wp-image-71 size-full\" srcset=\"https:\/\/edi.preisack.at\/wp-content\/uploads\/2021\/03\/DSC03245-1024x768.jpg 1024w, https:\/\/edi.preisack.at\/wp-content\/uploads\/2021\/03\/DSC03245-300x225.jpg 300w, https:\/\/edi.preisack.at\/wp-content\/uploads\/2021\/03\/DSC03245-768x576.jpg 768w, https:\/\/edi.preisack.at\/wp-content\/uploads\/2021\/03\/DSC03245-1200x900.jpg 1200w, https:\/\/edi.preisack.at\/wp-content\/uploads\/2021\/03\/DSC03245.jpg 1280w\" sizes=\"(max-width: 1024px) 100vw, 1024px\" \/><\/a><\/figure><div class=\"wp-block-media-text__content\">\n<p class=\"has-large-font-size\">Krankenhaus der Elisabethinen<\/p>\n<\/div><\/div>\n\n\n\n<div class=\"wp-block-media-text alignwide is-stacked-on-mobile\"><figure class=\"wp-block-media-text__media\"><a href=\"https:\/\/edi.preisack.at\/?p=302\"><img decoding=\"async\" width=\"1024\" height=\"768\" src=\"https:\/\/edi.preisack.at\/wp-content\/uploads\/2021\/05\/PA170010-1024x768.jpg\" alt=\"\" class=\"wp-image-760 size-full\" srcset=\"https:\/\/edi.preisack.at\/wp-content\/uploads\/2021\/05\/PA170010-1024x768.jpg 1024w, https:\/\/edi.preisack.at\/wp-content\/uploads\/2021\/05\/PA170010-300x225.jpg 300w, https:\/\/edi.preisack.at\/wp-content\/uploads\/2021\/05\/PA170010-768x576.jpg 768w, https:\/\/edi.preisack.at\/wp-content\/uploads\/2021\/05\/PA170010-1536x1152.jpg 1536w, https:\/\/edi.preisack.at\/wp-content\/uploads\/2021\/05\/PA170010-1200x900.jpg 1200w, https:\/\/edi.preisack.at\/wp-content\/uploads\/2021\/05\/PA170010-1980x1485.jpg 1980w, https:\/\/edi.preisack.at\/wp-content\/uploads\/2021\/05\/PA170010.jpg 2048w\" sizes=\"(max-width: 1024px) 100vw, 1024px\" \/><\/a><\/figure><div class=\"wp-block-media-text__content\">\n<p class=\"has-large-font-size\">MIVA &#8211; Christophorus Haus<\/p>\n<\/div><\/div>\n\n\n\n<div class=\"wp-block-media-text alignwide has-media-on-the-right is-stacked-on-mobile\"><figure class=\"wp-block-media-text__media\"><a href=\"https:\/\/edi.preisack.at\/?p=767\"><img decoding=\"async\" width=\"1024\" height=\"768\" src=\"https:\/\/edi.preisack.at\/wp-content\/uploads\/2021\/05\/P5292328-1024x768.jpg\" alt=\"\" class=\"wp-image-816 size-full\" srcset=\"https:\/\/edi.preisack.at\/wp-content\/uploads\/2021\/05\/P5292328-1024x768.jpg 1024w, https:\/\/edi.preisack.at\/wp-content\/uploads\/2021\/05\/P5292328-300x225.jpg 300w, https:\/\/edi.preisack.at\/wp-content\/uploads\/2021\/05\/P5292328-768x576.jpg 768w, https:\/\/edi.preisack.at\/wp-content\/uploads\/2021\/05\/P5292328-1536x1152.jpg 1536w, https:\/\/edi.preisack.at\/wp-content\/uploads\/2021\/05\/P5292328-1200x900.jpg 1200w, https:\/\/edi.preisack.at\/wp-content\/uploads\/2021\/05\/P5292328.jpg 1600w\" sizes=\"(max-width: 1024px) 100vw, 1024px\" \/><\/a><\/figure><div class=\"wp-block-media-text__content\">\n<p class=\"has-large-font-size\">Seniorenheim Wels Neustadt<\/p>\n<\/div><\/div>\n\n\n\n<div class=\"wp-block-media-text alignwide is-stacked-on-mobile\"><figure class=\"wp-block-media-text__media\"><a href=\"https:\/\/edi.preisack.at\/?p=762\"><img decoding=\"async\" width=\"1024\" height=\"724\" src=\"https:\/\/edi.preisack.at\/wp-content\/uploads\/2021\/05\/20120628160547807_0001-1024x724.jpg\" alt=\"\" class=\"wp-image-720 size-full\" srcset=\"https:\/\/edi.preisack.at\/wp-content\/uploads\/2021\/05\/20120628160547807_0001-1024x724.jpg 1024w, https:\/\/edi.preisack.at\/wp-content\/uploads\/2021\/05\/20120628160547807_0001-300x212.jpg 300w, https:\/\/edi.preisack.at\/wp-content\/uploads\/2021\/05\/20120628160547807_0001-768x543.jpg 768w, https:\/\/edi.preisack.at\/wp-content\/uploads\/2021\/05\/20120628160547807_0001-1536x1086.jpg 1536w, https:\/\/edi.preisack.at\/wp-content\/uploads\/2021\/05\/20120628160547807_0001-2048x1448.jpg 2048w, https:\/\/edi.preisack.at\/wp-content\/uploads\/2021\/05\/20120628160547807_0001-1200x849.jpg 1200w, https:\/\/edi.preisack.at\/wp-content\/uploads\/2021\/05\/20120628160547807_0001-1980x1400.jpg 1980w\" sizes=\"(max-width: 1024px) 100vw, 1024px\" \/><\/a><\/figure><div class=\"wp-block-media-text__content\">\n<p class=\"has-large-font-size\">Seniorenzentrum Dornach\/Auhof<\/p>\n<\/div><\/div>\n\n\n\n<div class=\"wp-block-media-text alignwide has-media-on-the-right is-stacked-on-mobile\"><figure class=\"wp-block-media-text__media\"><a href=\"https:\/\/edi.preisack.at\/?p=769\"><img decoding=\"async\" width=\"1024\" height=\"768\" src=\"https:\/\/edi.preisack.at\/wp-content\/uploads\/2021\/05\/DSC01517-1024x768.jpg\" alt=\"\" class=\"wp-image-725 size-full\" srcset=\"https:\/\/edi.preisack.at\/wp-content\/uploads\/2021\/05\/DSC01517-1024x768.jpg 1024w, https:\/\/edi.preisack.at\/wp-content\/uploads\/2021\/05\/DSC01517-300x225.jpg 300w, https:\/\/edi.preisack.at\/wp-content\/uploads\/2021\/05\/DSC01517-768x576.jpg 768w, https:\/\/edi.preisack.at\/wp-content\/uploads\/2021\/05\/DSC01517-1536x1152.jpg 1536w, https:\/\/edi.preisack.at\/wp-content\/uploads\/2021\/05\/DSC01517-2048x1536.jpg 2048w, https:\/\/edi.preisack.at\/wp-content\/uploads\/2021\/05\/DSC01517-1200x900.jpg 1200w, https:\/\/edi.preisack.at\/wp-content\/uploads\/2021\/05\/DSC01517-1980x1485.jpg 1980w\" sizes=\"(max-width: 1024px) 100vw, 1024px\" \/><\/a><\/figure><div class=\"wp-block-media-text__content\">\n<p class=\"has-large-font-size\">SOLution<\/p>\n<\/div><\/div>\n\n\n\n<div class=\"wp-block-media-text alignwide is-stacked-on-mobile\"><figure class=\"wp-block-media-text__media\"><a href=\"https:\/\/edi.preisack.at\/?p=771\"><img decoding=\"async\" width=\"1024\" height=\"768\" src=\"https:\/\/edi.preisack.at\/wp-content\/uploads\/2021\/05\/DSC02681-1024x768.jpg\" alt=\"\" class=\"wp-image-734 size-full\" srcset=\"https:\/\/edi.preisack.at\/wp-content\/uploads\/2021\/05\/DSC02681-1024x768.jpg 1024w, https:\/\/edi.preisack.at\/wp-content\/uploads\/2021\/05\/DSC02681-300x225.jpg 300w, https:\/\/edi.preisack.at\/wp-content\/uploads\/2021\/05\/DSC02681-768x576.jpg 768w, https:\/\/edi.preisack.at\/wp-content\/uploads\/2021\/05\/DSC02681-1536x1152.jpg 1536w, https:\/\/edi.preisack.at\/wp-content\/uploads\/2021\/05\/DSC02681-2048x1536.jpg 2048w, https:\/\/edi.preisack.at\/wp-content\/uploads\/2021\/05\/DSC02681-1200x900.jpg 1200w, https:\/\/edi.preisack.at\/wp-content\/uploads\/2021\/05\/DSC02681-1980x1485.jpg 1980w\" sizes=\"(max-width: 1024px) 100vw, 1024px\" \/><\/a><\/figure><div class=\"wp-block-media-text__content\">\n<p class=\"has-large-font-size\">Technologiezentrum Perg<\/p>\n<\/div><\/div>\n\n\n\n<div class=\"wp-block-media-text alignwide has-media-on-the-right is-stacked-on-mobile\"><figure class=\"wp-block-media-text__media\"><a href=\"https:\/\/edi.preisack.at\/?p=773\"><img decoding=\"async\" width=\"1024\" height=\"768\" src=\"https:\/\/edi.preisack.at\/wp-content\/uploads\/2021\/05\/DSC01583-1024x768.jpg\" alt=\"\" class=\"wp-image-741 size-full\" srcset=\"https:\/\/edi.preisack.at\/wp-content\/uploads\/2021\/05\/DSC01583-1024x768.jpg 1024w, https:\/\/edi.preisack.at\/wp-content\/uploads\/2021\/05\/DSC01583-300x225.jpg 300w, https:\/\/edi.preisack.at\/wp-content\/uploads\/2021\/05\/DSC01583-768x576.jpg 768w, https:\/\/edi.preisack.at\/wp-content\/uploads\/2021\/05\/DSC01583-1536x1152.jpg 1536w, https:\/\/edi.preisack.at\/wp-content\/uploads\/2021\/05\/DSC01583-2048x1536.jpg 2048w, https:\/\/edi.preisack.at\/wp-content\/uploads\/2021\/05\/DSC01583-1200x900.jpg 1200w, https:\/\/edi.preisack.at\/wp-content\/uploads\/2021\/05\/DSC01583-1980x1485.jpg 1980w\" sizes=\"(max-width: 1024px) 100vw, 1024px\" \/><\/a><\/figure><div class=\"wp-block-media-text__content\">\n<p class=\"has-large-font-size\">Wohnhaus Linz R\u00f6merberg<\/p>\n<\/div><\/div>\n","protected":false},"excerpt":{"rendered":"<p>Baumann Biohof Achleitner Einfamilienhaus Scharten Fronius Sattledt Fu\u00dfg\u00e4ngerbr\u00fccke Amstetten Kindergarten L\u00f6wenfeldvilla Krankenhaus der Elisabethinen MIVA &#8211; Christophorus Haus Seniorenheim Wels Neustadt Seniorenzentrum Dornach\/Auhof SOLution Technologiezentrum Perg Wohnhaus Linz R\u00f6merberg<\/p>\n","protected":false},"author":1,"featured_media":0,"parent":0,"menu_order":0,"comment_status":"closed","ping_status":"closed","template":"","meta":{"footnotes":""},"class_list":["post-23","page","type-page","status-publish","hentry"],"_links":{"self":[{"href":"https:\/\/edi.preisack.at\/index.php?rest_route=\/wp\/v2\/pages\/23","targetHints":{"allow":["GET"]}}],"collection":[{"href":"https:\/\/edi.preisack.at\/index.php?rest_route=\/wp\/v2\/pages"}],"about":[{"href":"https:\/\/edi.preisack.at\/index.php?rest_route=\/wp\/v2\/types\/page"}],"author":[{"embeddable":true,"href":"https:\/\/edi.preisack.at\/index.php?rest_route=\/wp\/v2\/users\/1"}],"replies":[{"embeddable":true,"href":"https:\/\/edi.preisack.at\/index.php?rest_route=%2Fwp%2Fv2%2Fcomments&post=23"}],"version-history":[{"count":17,"href":"https:\/\/edi.preisack.at\/index.php?rest_route=\/wp\/v2\/pages\/23\/revisions"}],"predecessor-version":[{"id":818,"href":"https:\/\/edi.preisack.at\/index.php?rest_route=\/wp\/v2\/pages\/23\/revisions\/818"}],"wp:attachment":[{"href":"https:\/\/edi.preisack.at\/index.php?rest_route=%2Fwp%2Fv2%2Fmedia&parent=23"}],"curies":[{"name":"wp","href":"https:\/\/api.w.org\/{rel}","templated":true}]}}