{"id":17,"date":"2021-03-31T08:06:39","date_gmt":"2021-03-31T08:06:39","guid":{"rendered":"https:\/\/edi.preisack.at\/?page_id=17"},"modified":"2021-05-23T18:11:55","modified_gmt":"2021-05-23T16:11:55","slug":"lebenslauf","status":"publish","type":"page","link":"https:\/\/edi.preisack.at\/?page_id=17","title":{"rendered":"Lebenslauf"},"content":{"rendered":"\n<div class=\"wp-block-media-text alignwide is-stacked-on-mobile\" style=\"grid-template-columns:40% auto\"><figure class=\"wp-block-media-text__media\"><img decoding=\"async\" width=\"707\" height=\"1024\" src=\"https:\/\/edi.preisack.at\/wp-content\/uploads\/2021\/05\/Selbstportrait-4-Bleistift-Papier-30x42-cm-2020v1-707x1024.jpg\" alt=\"\" class=\"wp-image-455 size-full\" srcset=\"https:\/\/edi.preisack.at\/wp-content\/uploads\/2021\/05\/Selbstportrait-4-Bleistift-Papier-30x42-cm-2020v1-707x1024.jpg 707w, https:\/\/edi.preisack.at\/wp-content\/uploads\/2021\/05\/Selbstportrait-4-Bleistift-Papier-30x42-cm-2020v1-207x300.jpg 207w, https:\/\/edi.preisack.at\/wp-content\/uploads\/2021\/05\/Selbstportrait-4-Bleistift-Papier-30x42-cm-2020v1-768x1113.jpg 768w, https:\/\/edi.preisack.at\/wp-content\/uploads\/2021\/05\/Selbstportrait-4-Bleistift-Papier-30x42-cm-2020v1-1060x1536.jpg 1060w, https:\/\/edi.preisack.at\/wp-content\/uploads\/2021\/05\/Selbstportrait-4-Bleistift-Papier-30x42-cm-2020v1-1414x2048.jpg 1414w, https:\/\/edi.preisack.at\/wp-content\/uploads\/2021\/05\/Selbstportrait-4-Bleistift-Papier-30x42-cm-2020v1-1200x1739.jpg 1200w, https:\/\/edi.preisack.at\/wp-content\/uploads\/2021\/05\/Selbstportrait-4-Bleistift-Papier-30x42-cm-2020v1-1980x2869.jpg 1980w, https:\/\/edi.preisack.at\/wp-content\/uploads\/2021\/05\/Selbstportrait-4-Bleistift-Papier-30x42-cm-2020v1-scaled.jpg 1767w\" sizes=\"(max-width: 707px) 100vw, 707px\" \/><\/figure><div class=\"wp-block-media-text__content\">\n<pre id=\"block-81eb67e5-7dff-44b4-98e1-763b25491cb0\" class=\"wp-block-preformatted has-small-font-size\"><strong>Bmst. Ing. Eduard B. Preisack MAS MSC<\/strong>\n\n<strong>Lebenslauf<\/strong>\ngeboren am 13. August 1954 in Villach, \u00d6sterreich verheiratet, 2 Kinder, wohnhaft in Perg\n\n<strong>Ausbildung:<\/strong>\nVolksschule, Hauptschule und HTL in Villach\nBauingenieurstudium in Graz (nicht-grad.)\n1998 \u2013 Abschluss Universit\u00e4tsstudium f\u00fcr Solararchitektur an der Donauuniversit\u00e4t Krems\nMaster of Advanced Studies and Master of Sience Solararchitektur\n \n<strong>Berufserfahrungen:<\/strong>\nunterschiedliche Ferialpraktika als Sch\u00fcler und Student im Vermessungswesen in B\u00fcros in Villach und Deutschlandsberg\nBauaufsicht f\u00fcr die KELAG\n7 Jahre Berufserfahrung bei einem Baumeister-, Zimmermeister- und Dachdeckermeisterunternehmen\n1 Jahr Abteilungsleiter f\u00fcr technische Folien bei Interplastic Wels GmbH\nSelbst\u00e4ndig als Planender Baumeister seit 1987\n2013 - Umwandlung der Einzelfirma EBP in die EBP GmbH\nLeitender Gesch\u00e4ftsf\u00fchrer der GmbH bis Ende 2018\nSeit 2019 wieder selbst\u00e4ndig t\u00e4tig als Planender Baumeister in Perg, Lehenbrunn 8\n\n<strong>Referenzen in:<\/strong>\nProjektmanagement und Architekturleistungen\nProjektleitung und Projektsteuerung f\u00fcr Planungs- und Ausf\u00fchrungsphasen\n\n<\/pre>\n<\/div><\/div>\n","protected":false},"excerpt":{"rendered":"<p>Bmst. Ing. Eduard B. Preisack MAS MSC Lebenslauf geboren am 13. August 1954 in Villach, \u00d6sterreich verheiratet, 2 Kinder, wohnhaft in Perg Ausbildung: Volksschule, Hauptschule und HTL in Villach Bauingenieurstudium in Graz (nicht-grad.) 1998 \u2013 Abschluss Universit\u00e4tsstudium f\u00fcr Solararchitektur an der Donauuniversit\u00e4t Krems Master of Advanced Studies and Master of Sience Solararchitektur Berufserfahrungen: unterschiedliche Ferialpraktika&hellip;<\/p>\n","protected":false},"author":1,"featured_media":0,"parent":0,"menu_order":0,"comment_status":"closed","ping_status":"closed","template":"","meta":{"footnotes":""},"class_list":["post-17","page","type-page","status-publish","hentry"],"_links":{"self":[{"href":"https:\/\/edi.preisack.at\/index.php?rest_route=\/wp\/v2\/pages\/17","targetHints":{"allow":["GET"]}}],"collection":[{"href":"https:\/\/edi.preisack.at\/index.php?rest_route=\/wp\/v2\/pages"}],"about":[{"href":"https:\/\/edi.preisack.at\/index.php?rest_route=\/wp\/v2\/types\/page"}],"author":[{"embeddable":true,"href":"https:\/\/edi.preisack.at\/index.php?rest_route=\/wp\/v2\/users\/1"}],"replies":[{"embeddable":true,"href":"https:\/\/edi.preisack.at\/index.php?rest_route=%2Fwp%2Fv2%2Fcomments&post=17"}],"version-history":[{"count":18,"href":"https:\/\/edi.preisack.at\/index.php?rest_route=\/wp\/v2\/pages\/17\/revisions"}],"predecessor-version":[{"id":810,"href":"https:\/\/edi.preisack.at\/index.php?rest_route=\/wp\/v2\/pages\/17\/revisions\/810"}],"wp:attachment":[{"href":"https:\/\/edi.preisack.at\/index.php?rest_route=%2Fwp%2Fv2%2Fmedia&parent=17"}],"curies":[{"name":"wp","href":"https:\/\/api.w.org\/{rel}","templated":true}]}}