{"id":15,"date":"2021-03-31T08:06:10","date_gmt":"2021-03-31T08:06:10","guid":{"rendered":"https:\/\/edi.preisack.at\/?page_id=15"},"modified":"2021-05-24T09:57:30","modified_gmt":"2021-05-24T07:57:30","slug":"home","status":"publish","type":"page","link":"https:\/\/edi.preisack.at\/","title":{"rendered":"Augenblicke"},"content":{"rendered":"\n<p>Sch\u00f6n, dass Sie auf meiner Homepage gelandet sind. Verweilen Sie doch ein paar Augenblicke! <\/p>\n\n\n\n<p><br>Wegweiser zur Orientierung:<br>-> zur <a href=\"https:\/\/edi.preisack.at\/?page_id=17\" data-type=\"page\" data-id=\"17\">Person<\/a> <br>-> zur <a href=\"https:\/\/edi.preisack.at\/?page_id=23\" data-type=\"page\" data-id=\"23\">Profession<\/a><br>-> zur <a href=\"https:\/\/edi.preisack.at\/?page_id=19\" data-type=\"page\" data-id=\"19\">Berufung<\/a><br>-> zur <a href=\"https:\/\/edi.preisack.at\/?page_id=25\" data-type=\"page\" data-id=\"25\">Kontaktaufnahme <\/a><\/p>\n\n\n\n<div class=\"wp-block-columns alignwide is-layout-flex wp-container-core-columns-is-layout-9d6595d7 wp-block-columns-is-layout-flex\">\n<div class=\"wp-block-column is-layout-flow wp-block-column-is-layout-flow\">\n<div class=\"wp-block-group has-subtle-background-background-color has-background\"><div class=\"wp-block-group__inner-container is-layout-flow wp-block-group-is-layout-flow\">\n<h2 class=\"has-text-align-center wp-block-heading\">Beruf<\/h2>\n\n\n\n<p class=\"has-text-align-left\">Interesse am Planen und Bauen wurde mir             in die Wiege gelegt. Es f\u00fchrte \u00fcber die HTL f\u00fcr Tiefbau zum Studium des Bauigenieurswesens. Umfassende Praxis in einschl\u00e4gigen Betrieben m\u00fcndete in die Gr\u00fcndung eines eigenen B\u00fcros.  <\/p>\n\n\n\n<div class=\"wp-block-buttons is-content-justification-center is-layout-flex wp-block-buttons-is-layout-flex\">\n<div class=\"wp-block-button is-style-outline is-style-outline--1\"><a class=\"wp-block-button__link\" href=\"https:\/\/edi.preisack.at\/?page_id=23\">Referenzen<\/a><\/div>\n<\/div>\n<\/div><\/div>\n<\/div>\n\n\n\n<div class=\"wp-block-column is-layout-flow wp-block-column-is-layout-flow\">\n<div class=\"wp-block-group has-subtle-background-background-color has-background\"><div class=\"wp-block-group__inner-container is-layout-flow wp-block-group-is-layout-flow\">\n<h2 class=\"has-text-align-center wp-block-heading\">Berufung<\/h2>\n\n\n\n<p class=\"has-text-align-right\">Freude am Zeichnen war f\u00fcr den Berufsweg wertvoll. Allerdings lie\u00df der Beruf kaum Zeit und Mu\u00dfe f\u00fcr bildnerische Nutzung des Talents. Die Suche nach Freir\u00e4umen f\u00fchrte zu einem umfangreichen bildnerischen Werk.  <\/p>\n\n\n\n<div class=\"wp-block-buttons is-content-justification-center is-layout-flex wp-block-buttons-is-layout-flex\">\n<div class=\"wp-block-button is-style-outline is-style-outline--2\"><a class=\"wp-block-button__link\" href=\"https:\/\/edi.preisack.at\/?page_id=19\">Bilder<\/a><\/div>\n<\/div>\n<\/div><\/div>\n<\/div>\n<\/div>\n\n\n\n<p><\/p>\n","protected":false},"excerpt":{"rendered":"<p>Sch\u00f6n, dass Sie auf meiner Homepage gelandet sind. Verweilen Sie doch ein paar Augenblicke! Wegweiser zur Orientierung:-> zur Person -> zur Profession-> zur Berufung-> zur Kontaktaufnahme Beruf Interesse am Planen und Bauen wurde mir in die Wiege gelegt. Es f\u00fchrte \u00fcber die HTL f\u00fcr Tiefbau zum Studium des Bauigenieurswesens. Umfassende Praxis in einschl\u00e4gigen Betrieben m\u00fcndete&hellip;<\/p>\n","protected":false},"author":1,"featured_media":0,"parent":0,"menu_order":0,"comment_status":"closed","ping_status":"closed","template":"","meta":{"footnotes":""},"class_list":["post-15","page","type-page","status-publish","hentry"],"_links":{"self":[{"href":"https:\/\/edi.preisack.at\/index.php?rest_route=\/wp\/v2\/pages\/15","targetHints":{"allow":["GET"]}}],"collection":[{"href":"https:\/\/edi.preisack.at\/index.php?rest_route=\/wp\/v2\/pages"}],"about":[{"href":"https:\/\/edi.preisack.at\/index.php?rest_route=\/wp\/v2\/types\/page"}],"author":[{"embeddable":true,"href":"https:\/\/edi.preisack.at\/index.php?rest_route=\/wp\/v2\/users\/1"}],"replies":[{"embeddable":true,"href":"https:\/\/edi.preisack.at\/index.php?rest_route=%2Fwp%2Fv2%2Fcomments&post=15"}],"version-history":[{"count":23,"href":"https:\/\/edi.preisack.at\/index.php?rest_route=\/wp\/v2\/pages\/15\/revisions"}],"predecessor-version":[{"id":825,"href":"https:\/\/edi.preisack.at\/index.php?rest_route=\/wp\/v2\/pages\/15\/revisions\/825"}],"wp:attachment":[{"href":"https:\/\/edi.preisack.at\/index.php?rest_route=%2Fwp%2Fv2%2Fmedia&parent=15"}],"curies":[{"name":"wp","href":"https:\/\/api.w.org\/{rel}","templated":true}]}}